{"id":366,"date":"2022-11-28T21:44:42","date_gmt":"2022-11-28T21:44:42","guid":{"rendered":"http:\/\/centromusicaldecascais.com\/en\/?page_id=366"},"modified":"2022-11-30T11:34:16","modified_gmt":"2022-11-30T11:34:16","slug":"saxofone","status":"publish","type":"page","link":"https:\/\/centromusicaldecascais.com\/en\/saxofone\/","title":{"rendered":"Saxofone"},"content":{"rendered":"\t\t<div data-elementor-type=\"wp-page\" data-elementor-id=\"366\" class=\"elementor elementor-366\">\n\t\t\t\t\t\t\t\t\t<section class=\"elementor-section elementor-top-section elementor-element elementor-element-a8460c8 elementor-section-boxed elementor-section-height-default elementor-section-height-default\" data-id=\"a8460c8\" data-element_type=\"section\">\n\t\t\t\t\t\t<div class=\"elementor-container elementor-column-gap-default\">\n\t\t\t\t\t<div class=\"elementor-column elementor-col-100 elementor-top-column elementor-element elementor-element-44dec6c\" data-id=\"44dec6c\" data-element_type=\"column\">\n\t\t\t<div class=\"elementor-widget-wrap elementor-element-populated\">\n\t\t\t\t\t\t\t\t<div class=\"elementor-element elementor-element-98944b6 elementor-widget elementor-widget-heading\" data-id=\"98944b6\" data-element_type=\"widget\" data-widget_type=\"heading.default\">\n\t\t\t\t<div class=\"elementor-widget-container\">\n\t\t\t<style>\/*! elementor - v3.9.2 - 21-12-2022 *\/\n.elementor-heading-title{padding:0;margin:0;line-height:1}.elementor-widget-heading .elementor-heading-title[class*=elementor-size-]>a{color:inherit;font-size:inherit;line-height:inherit}.elementor-widget-heading .elementor-heading-title.elementor-size-small{font-size:15px}.elementor-widget-heading .elementor-heading-title.elementor-size-medium{font-size:19px}.elementor-widget-heading .elementor-heading-title.elementor-size-large{font-size:29px}.elementor-widget-heading .elementor-heading-title.elementor-size-xl{font-size:39px}.elementor-widget-heading .elementor-heading-title.elementor-size-xxl{font-size:59px}<\/style><h2 class=\"elementor-heading-title elementor-size-default\">SAXOFONE<\/h2>\t\t<\/div>\n\t\t\t\t<\/div>\n\t\t\t\t\t<\/div>\n\t\t<\/div>\n\t\t\t\t\t\t\t<\/div>\n\t\t<\/section>\n\t\t\t\t<section class=\"elementor-section elementor-top-section elementor-element elementor-element-5b0224f elementor-section-boxed elementor-section-height-default elementor-section-height-default\" data-id=\"5b0224f\" data-element_type=\"section\">\n\t\t\t\t\t\t<div class=\"elementor-container elementor-column-gap-default\">\n\t\t\t\t\t<div class=\"elementor-column elementor-col-50 elementor-top-column elementor-element elementor-element-4dccd66 elementor-hidden-mobile\" data-id=\"4dccd66\" data-element_type=\"column\">\n\t\t\t<div class=\"elementor-widget-wrap elementor-element-populated\">\n\t\t\t\t\t\t\t\t<div class=\"elementor-element elementor-element-5a28847 elementor-nav-menu--dropdown-tablet elementor-nav-menu__text-align-aside elementor-nav-menu--toggle elementor-nav-menu--burger elementor-widget elementor-widget-nav-menu\" data-id=\"5a28847\" data-element_type=\"widget\" data-settings=\"{&quot;layout&quot;:&quot;vertical&quot;,&quot;submenu_icon&quot;:{&quot;value&quot;:&quot;&lt;i class=\\&quot;fas fa-caret-down\\&quot;&gt;&lt;\\\/i&gt;&quot;,&quot;library&quot;:&quot;fa-solid&quot;},&quot;toggle&quot;:&quot;burger&quot;}\" data-widget_type=\"nav-menu.default\">\n\t\t\t\t<div class=\"elementor-widget-container\">\n\t\t\t<link rel=\"stylesheet\" href=\"https:\/\/centromusicaldecascais.com\/en\/wp-content\/plugins\/elementor-pro\/assets\/css\/widget-nav-menu.min.css\">\t\t\t<nav migration_allowed=\"1\" migrated=\"0\" class=\"elementor-nav-menu--main elementor-nav-menu__container elementor-nav-menu--layout-vertical e--pointer-underline e--animation-fade\">\n\t\t\t\t<ul id=\"menu-1-5a28847\" class=\"elementor-nav-menu sm-vertical\"><li class=\"menu-item menu-item-type-post_type menu-item-object-page menu-item-374\"><a href=\"https:\/\/centromusicaldecascais.com\/en\/baixo-eletrico\/\" class=\"elementor-item\">Baixo El\u00e9trico<\/a><\/li>\n<li class=\"menu-item menu-item-type-post_type menu-item-object-page menu-item-375\"><a href=\"https:\/\/centromusicaldecascais.com\/en\/bateria\/\" class=\"elementor-item\">Bateria<\/a><\/li>\n<li class=\"menu-item menu-item-type-post_type menu-item-object-page menu-item-376\"><a href=\"https:\/\/centromusicaldecascais.com\/en\/canto\/\" class=\"elementor-item\">Canto<\/a><\/li>\n<li class=\"menu-item menu-item-type-post_type menu-item-object-page menu-item-377\"><a href=\"https:\/\/centromusicaldecascais.com\/en\/combo\/\" class=\"elementor-item\">Combo<\/a><\/li>\n<li class=\"menu-item menu-item-type-post_type menu-item-object-page menu-item-378\"><a href=\"https:\/\/centromusicaldecascais.com\/en\/coro-infantil\/\" class=\"elementor-item\">C\u00f4ro Infantil<\/a><\/li>\n<li class=\"menu-item menu-item-type-post_type menu-item-object-page menu-item-379\"><a href=\"https:\/\/centromusicaldecascais.com\/en\/coro-moderno\/\" class=\"elementor-item\">C\u00f4ro Moderno<\/a><\/li>\n<li class=\"menu-item menu-item-type-post_type menu-item-object-page menu-item-380\"><a href=\"https:\/\/centromusicaldecascais.com\/en\/djembe\/\" class=\"elementor-item\">Djembe \u2013 Grupo Ritmico<\/a><\/li>\n<li class=\"menu-item menu-item-type-post_type menu-item-object-page menu-item-381\"><a href=\"https:\/\/centromusicaldecascais.com\/en\/flauta-de-bisel\/\" class=\"elementor-item\">Flauta de Bisel<\/a><\/li>\n<li class=\"menu-item menu-item-type-post_type menu-item-object-page menu-item-382\"><a href=\"https:\/\/centromusicaldecascais.com\/en\/flauta-transversal\/\" class=\"elementor-item\">Flauta Transversal<\/a><\/li>\n<li class=\"menu-item menu-item-type-post_type menu-item-object-page menu-item-383\"><a href=\"https:\/\/centromusicaldecascais.com\/en\/formacao-musical\/\" class=\"elementor-item\">Forma\u00e7\u00e3o Musical<\/a><\/li>\n<li class=\"menu-item menu-item-type-post_type menu-item-object-page menu-item-384\"><a href=\"https:\/\/centromusicaldecascais.com\/en\/guitarra\/\" class=\"elementor-item\">Guitarra Ac\u00fastica \/ Cl\u00e1ssica \/ El\u00e9ctrica<\/a><\/li>\n<li class=\"menu-item menu-item-type-post_type menu-item-object-page menu-item-385\"><a href=\"https:\/\/centromusicaldecascais.com\/en\/iniciacao-musical\/\" class=\"elementor-item\">Inicia\u00e7\u00e3o Musical<\/a><\/li>\n<li class=\"menu-item menu-item-type-post_type menu-item-object-page menu-item-386\"><a href=\"https:\/\/centromusicaldecascais.com\/en\/orgao\/\" class=\"elementor-item\">\u00d3rg\u00e3o<\/a><\/li>\n<li class=\"menu-item menu-item-type-post_type menu-item-object-page menu-item-387\"><a href=\"https:\/\/centromusicaldecascais.com\/en\/piano\/\" class=\"elementor-item\">Piano<\/a><\/li>\n<li class=\"menu-item menu-item-type-post_type menu-item-object-page menu-item-388\"><a href=\"https:\/\/centromusicaldecascais.com\/en\/saxofone\/\" class=\"elementor-item\">Saxofone<\/a><\/li>\n<li class=\"menu-item menu-item-type-post_type menu-item-object-page menu-item-389\"><a href=\"https:\/\/centromusicaldecascais.com\/en\/violino\/\" class=\"elementor-item\">Violino \/ Viola de Arco<\/a><\/li>\n<li class=\"menu-item menu-item-type-post_type menu-item-object-page menu-item-390\"><a href=\"https:\/\/centromusicaldecascais.com\/en\/violoncelo\/\" class=\"elementor-item\">Violoncelo<\/a><\/li>\n<\/ul>\t\t\t<\/nav>\n\t\t\t\t\t<div class=\"elementor-menu-toggle\" role=\"button\" tabindex=\"0\" aria-label=\"Menu Toggle\" aria-expanded=\"false\">\n\t\t\t<i aria-hidden=\"true\" role=\"presentation\" class=\"elementor-menu-toggle__icon--open eicon-menu-bar\"><\/i><i aria-hidden=\"true\" role=\"presentation\" class=\"elementor-menu-toggle__icon--close eicon-close\"><\/i>\t\t\t<span class=\"elementor-screen-only\">Menu<\/span>\n\t\t<\/div>\n\t\t\t\t\t<nav class=\"elementor-nav-menu--dropdown elementor-nav-menu__container\" aria-hidden=\"true\">\n\t\t\t\t<ul id=\"menu-2-5a28847\" class=\"elementor-nav-menu sm-vertical\"><li class=\"menu-item menu-item-type-post_type menu-item-object-page menu-item-374\"><a href=\"https:\/\/centromusicaldecascais.com\/en\/baixo-eletrico\/\" class=\"elementor-item\" tabindex=\"-1\">Baixo El\u00e9trico<\/a><\/li>\n<li class=\"menu-item menu-item-type-post_type menu-item-object-page menu-item-375\"><a href=\"https:\/\/centromusicaldecascais.com\/en\/bateria\/\" class=\"elementor-item\" tabindex=\"-1\">Bateria<\/a><\/li>\n<li class=\"menu-item menu-item-type-post_type menu-item-object-page menu-item-376\"><a href=\"https:\/\/centromusicaldecascais.com\/en\/canto\/\" class=\"elementor-item\" tabindex=\"-1\">Canto<\/a><\/li>\n<li class=\"menu-item menu-item-type-post_type menu-item-object-page menu-item-377\"><a href=\"https:\/\/centromusicaldecascais.com\/en\/combo\/\" class=\"elementor-item\" tabindex=\"-1\">Combo<\/a><\/li>\n<li class=\"menu-item menu-item-type-post_type menu-item-object-page menu-item-378\"><a href=\"https:\/\/centromusicaldecascais.com\/en\/coro-infantil\/\" class=\"elementor-item\" tabindex=\"-1\">C\u00f4ro Infantil<\/a><\/li>\n<li class=\"menu-item menu-item-type-post_type menu-item-object-page menu-item-379\"><a href=\"https:\/\/centromusicaldecascais.com\/en\/coro-moderno\/\" class=\"elementor-item\" tabindex=\"-1\">C\u00f4ro Moderno<\/a><\/li>\n<li class=\"menu-item menu-item-type-post_type menu-item-object-page menu-item-380\"><a href=\"https:\/\/centromusicaldecascais.com\/en\/djembe\/\" class=\"elementor-item\" tabindex=\"-1\">Djembe \u2013 Grupo Ritmico<\/a><\/li>\n<li class=\"menu-item menu-item-type-post_type menu-item-object-page menu-item-381\"><a href=\"https:\/\/centromusicaldecascais.com\/en\/flauta-de-bisel\/\" class=\"elementor-item\" tabindex=\"-1\">Flauta de Bisel<\/a><\/li>\n<li class=\"menu-item menu-item-type-post_type menu-item-object-page menu-item-382\"><a href=\"https:\/\/centromusicaldecascais.com\/en\/flauta-transversal\/\" class=\"elementor-item\" tabindex=\"-1\">Flauta Transversal<\/a><\/li>\n<li class=\"menu-item menu-item-type-post_type menu-item-object-page menu-item-383\"><a href=\"https:\/\/centromusicaldecascais.com\/en\/formacao-musical\/\" class=\"elementor-item\" tabindex=\"-1\">Forma\u00e7\u00e3o Musical<\/a><\/li>\n<li class=\"menu-item menu-item-type-post_type menu-item-object-page menu-item-384\"><a href=\"https:\/\/centromusicaldecascais.com\/en\/guitarra\/\" class=\"elementor-item\" tabindex=\"-1\">Guitarra Ac\u00fastica \/ Cl\u00e1ssica \/ El\u00e9ctrica<\/a><\/li>\n<li class=\"menu-item menu-item-type-post_type menu-item-object-page menu-item-385\"><a href=\"https:\/\/centromusicaldecascais.com\/en\/iniciacao-musical\/\" class=\"elementor-item\" tabindex=\"-1\">Inicia\u00e7\u00e3o Musical<\/a><\/li>\n<li class=\"menu-item menu-item-type-post_type menu-item-object-page menu-item-386\"><a href=\"https:\/\/centromusicaldecascais.com\/en\/orgao\/\" class=\"elementor-item\" tabindex=\"-1\">\u00d3rg\u00e3o<\/a><\/li>\n<li class=\"menu-item menu-item-type-post_type menu-item-object-page menu-item-387\"><a href=\"https:\/\/centromusicaldecascais.com\/en\/piano\/\" class=\"elementor-item\" tabindex=\"-1\">Piano<\/a><\/li>\n<li class=\"menu-item menu-item-type-post_type menu-item-object-page menu-item-388\"><a href=\"https:\/\/centromusicaldecascais.com\/en\/saxofone\/\" class=\"elementor-item\" tabindex=\"-1\">Saxofone<\/a><\/li>\n<li class=\"menu-item menu-item-type-post_type menu-item-object-page menu-item-389\"><a href=\"https:\/\/centromusicaldecascais.com\/en\/violino\/\" class=\"elementor-item\" tabindex=\"-1\">Violino \/ Viola de Arco<\/a><\/li>\n<li class=\"menu-item menu-item-type-post_type menu-item-object-page menu-item-390\"><a href=\"https:\/\/centromusicaldecascais.com\/en\/violoncelo\/\" class=\"elementor-item\" tabindex=\"-1\">Violoncelo<\/a><\/li>\n<\/ul>\t\t\t<\/nav>\n\t\t\t\t<\/div>\n\t\t\t\t<\/div>\n\t\t\t\t\t<\/div>\n\t\t<\/div>\n\t\t\t\t<div class=\"elementor-column elementor-col-50 elementor-top-column elementor-element elementor-element-905fca4\" data-id=\"905fca4\" data-element_type=\"column\">\n\t\t\t<div class=\"elementor-widget-wrap elementor-element-populated\">\n\t\t\t\t\t\t\t\t<div class=\"elementor-element elementor-element-70d5bbc elementor-widget elementor-widget-heading\" data-id=\"70d5bbc\" data-element_type=\"widget\" data-widget_type=\"heading.default\">\n\t\t\t\t<div class=\"elementor-widget-container\">\n\t\t\t<h2 class=\"elementor-heading-title elementor-size-default\">ARTUR \"JUMBO\" FREITAS<\/h2>\t\t<\/div>\n\t\t\t\t<\/div>\n\t\t\t\t<div class=\"elementor-element elementor-element-a262369 elementor-position-left elementor-vertical-align-top elementor-widget elementor-widget-image-box\" data-id=\"a262369\" data-element_type=\"widget\" data-widget_type=\"image-box.default\">\n\t\t\t\t<div class=\"elementor-widget-container\">\n\t\t\t<style>\/*! elementor - v3.9.2 - 21-12-2022 *\/\n.elementor-widget-image-box .elementor-image-box-content{width:100%}@media (min-width:768px){.elementor-widget-image-box.elementor-position-left .elementor-image-box-wrapper,.elementor-widget-image-box.elementor-position-right .elementor-image-box-wrapper{display:flex}.elementor-widget-image-box.elementor-position-right .elementor-image-box-wrapper{text-align:right;flex-direction:row-reverse}.elementor-widget-image-box.elementor-position-left .elementor-image-box-wrapper{text-align:left;flex-direction:row}.elementor-widget-image-box.elementor-position-top .elementor-image-box-img{margin:auto}.elementor-widget-image-box.elementor-vertical-align-top .elementor-image-box-wrapper{align-items:flex-start}.elementor-widget-image-box.elementor-vertical-align-middle .elementor-image-box-wrapper{align-items:center}.elementor-widget-image-box.elementor-vertical-align-bottom .elementor-image-box-wrapper{align-items:flex-end}}@media (max-width:767px){.elementor-widget-image-box .elementor-image-box-img{margin-left:auto!important;margin-right:auto!important;margin-bottom:15px}}.elementor-widget-image-box .elementor-image-box-img{display:inline-block}.elementor-widget-image-box .elementor-image-box-title a{color:inherit}.elementor-widget-image-box .elementor-image-box-wrapper{text-align:center}.elementor-widget-image-box .elementor-image-box-description{margin:0}<\/style><div class=\"elementor-image-box-wrapper\"><figure class=\"elementor-image-box-img\"><img loading=\"lazy\" decoding=\"async\" width=\"200\" height=\"200\" src=\"https:\/\/centromusicaldecascais.com\/en\/wp-content\/uploads\/2022\/11\/csm_Jumbo_23f49c7790.jpg\" class=\"attachment-full size-full wp-image-418\" alt=\"\" srcset=\"https:\/\/centromusicaldecascais.com\/en\/wp-content\/uploads\/2022\/11\/csm_Jumbo_23f49c7790.jpg 200w, https:\/\/centromusicaldecascais.com\/en\/wp-content\/uploads\/2022\/11\/csm_Jumbo_23f49c7790-150x150.jpg 150w\" sizes=\"auto, (max-width: 200px) 100vw, 200px\" \/><\/figure><div class=\"elementor-image-box-content\"><p class=\"elementor-image-box-description\">Nasceu em Mo\u00e7ambique, onde aos 17 anos come\u00e7ou a tocar saxofone alto, guitarra e flauta em grupos de Jazz-Rock.\n\nEm 1976, instalou-se em Portugal como m\u00fasico\u00a0freelancer, trabalhando tamb\u00e9m na Madeira, onde chegou a estudar no Conservat\u00f3rio. O saxofone alto tornou-se a sua especialidade, e o Jazz, a \u00e1rea da sua prefer\u00eancia. Ao longo da sua carreira, participou em projectos de Jazz, Funk, Bossa Nova e m\u00fasica ligeira, tendo tocado com m\u00fasicos como Andr\u00e9 Sarbib, Teresa Mayuko, Eddy Goltz e Dave Gausden (Programa\u00a0Zona Jazz, RTP1, 1989), Valdemar Bastos, Dany Silva, Tito Paris, Anabela, Groove Brothers, Carla Furtado, Projecto jazz&amp;V\u00e1rios, Jo\u00e3o Maur\u00edlio, Maria Viana (\u201cProjecto Jobim\u201d), Jo\u00e3o Mal\u00f3, Laurent Filipe, Melo D &amp; The Good Vibes Band. Tem diversas participa\u00e7\u00f5es discogr\u00e1ficas, entre as quais se destacam os Cool Hipnoise e o quinteto da cantora Angelina (Angelina Jazz Feelings), com quem tocou no Festival de Jazz do Funchal, em 2008. Nesse ano, frequentou a licenciatura em Jazz da Escola Superior de M\u00fasica de Lisboa, tendo interrompido por motivos profissionais. Em 2009, integrou o programa do \u201cDose Dupla\u201d, no CCB, onde tocou com o pianista Filipe Raposo. Ultimamente tem actuado com os Sopralto Trio (Jazz\/Bossa Nova) e o quarteto Jazz&amp;V\u00e1rios, bem como participado na anima\u00e7\u00e3o de diversos eventos. \u00c9\u00a0professor de saxofone\u00a0e flauta transversal desde 1998. <\/p><\/div><\/div>\t\t<\/div>\n\t\t\t\t<\/div>\n\t\t\t\t\t<\/div>\n\t\t<\/div>\n\t\t\t\t\t\t\t<\/div>\n\t\t<\/section>\n\t\t\t\t\t\t\t<\/div>\n\t\t","protected":false},"excerpt":{"rendered":"<p>SAXOFONE ARTUR &#8220;JUMBO&#8221; FREITAS Nasceu em Mo\u00e7ambique, onde aos 17 anos come\u00e7ou a tocar saxofone alto, guitarra e flauta em grupos de Jazz-Rock. Em 1976, instalou-se em Portugal como m\u00fasico\u00a0freelancer, trabalhando tamb\u00e9m na Madeira, onde chegou a estudar no Conservat\u00f3rio. O saxofone alto tornou-se a sua especialidade, e o Jazz, a \u00e1rea da sua prefer\u00eancia. [&hellip;]<\/p>\n","protected":false},"author":1,"featured_media":0,"parent":0,"menu_order":0,"comment_status":"closed","ping_status":"open","template":"","meta":{"footnotes":""},"class_list":["post-366","page","type-page","status-publish","hentry"],"_links":{"self":[{"href":"https:\/\/centromusicaldecascais.com\/en\/wp-json\/wp\/v2\/pages\/366","targetHints":{"allow":["GET"]}}],"collection":[{"href":"https:\/\/centromusicaldecascais.com\/en\/wp-json\/wp\/v2\/pages"}],"about":[{"href":"https:\/\/centromusicaldecascais.com\/en\/wp-json\/wp\/v2\/types\/page"}],"author":[{"embeddable":true,"href":"https:\/\/centromusicaldecascais.com\/en\/wp-json\/wp\/v2\/users\/1"}],"replies":[{"embeddable":true,"href":"https:\/\/centromusicaldecascais.com\/en\/wp-json\/wp\/v2\/comments?post=366"}],"version-history":[{"count":10,"href":"https:\/\/centromusicaldecascais.com\/en\/wp-json\/wp\/v2\/pages\/366\/revisions"}],"predecessor-version":[{"id":566,"href":"https:\/\/centromusicaldecascais.com\/en\/wp-json\/wp\/v2\/pages\/366\/revisions\/566"}],"wp:attachment":[{"href":"https:\/\/centromusicaldecascais.com\/en\/wp-json\/wp\/v2\/media?parent=366"}],"curies":[{"name":"wp","href":"https:\/\/api.w.org\/{rel}","templated":true}]}}