{"id":350,"date":"2022-11-28T21:40:45","date_gmt":"2022-11-28T21:40:45","guid":{"rendered":"http:\/\/centromusicaldecascais.com\/en\/?page_id=350"},"modified":"2022-11-30T11:26:57","modified_gmt":"2022-11-30T11:26:57","slug":"coro-infantil","status":"publish","type":"page","link":"https:\/\/centromusicaldecascais.com\/en\/coro-infantil\/","title":{"rendered":"C\u00f4ro Infantil"},"content":{"rendered":"\t\t<div data-elementor-type=\"wp-page\" data-elementor-id=\"350\" class=\"elementor elementor-350\">\n\t\t\t\t\t\t\t\t\t<section class=\"elementor-section elementor-top-section elementor-element elementor-element-a8460c8 elementor-section-boxed elementor-section-height-default elementor-section-height-default\" data-id=\"a8460c8\" data-element_type=\"section\">\n\t\t\t\t\t\t<div class=\"elementor-container elementor-column-gap-default\">\n\t\t\t\t\t<div class=\"elementor-column elementor-col-100 elementor-top-column elementor-element elementor-element-44dec6c\" data-id=\"44dec6c\" data-element_type=\"column\">\n\t\t\t<div class=\"elementor-widget-wrap elementor-element-populated\">\n\t\t\t\t\t\t\t\t<div class=\"elementor-element elementor-element-98944b6 elementor-widget elementor-widget-heading\" data-id=\"98944b6\" data-element_type=\"widget\" data-widget_type=\"heading.default\">\n\t\t\t\t<div class=\"elementor-widget-container\">\n\t\t\t<style>\/*! elementor - v3.9.2 - 21-12-2022 *\/\n.elementor-heading-title{padding:0;margin:0;line-height:1}.elementor-widget-heading .elementor-heading-title[class*=elementor-size-]>a{color:inherit;font-size:inherit;line-height:inherit}.elementor-widget-heading .elementor-heading-title.elementor-size-small{font-size:15px}.elementor-widget-heading .elementor-heading-title.elementor-size-medium{font-size:19px}.elementor-widget-heading .elementor-heading-title.elementor-size-large{font-size:29px}.elementor-widget-heading .elementor-heading-title.elementor-size-xl{font-size:39px}.elementor-widget-heading .elementor-heading-title.elementor-size-xxl{font-size:59px}<\/style><h2 class=\"elementor-heading-title elementor-size-default\">COR\u00d4 INFANTIL<\/h2>\t\t<\/div>\n\t\t\t\t<\/div>\n\t\t\t\t\t<\/div>\n\t\t<\/div>\n\t\t\t\t\t\t\t<\/div>\n\t\t<\/section>\n\t\t\t\t<section class=\"elementor-section elementor-top-section elementor-element elementor-element-8bb8fd2 elementor-section-boxed elementor-section-height-default elementor-section-height-default\" data-id=\"8bb8fd2\" data-element_type=\"section\">\n\t\t\t\t\t\t<div class=\"elementor-container elementor-column-gap-default\">\n\t\t\t\t\t<div class=\"elementor-column elementor-col-50 elementor-top-column elementor-element elementor-element-33cae56 elementor-hidden-mobile\" data-id=\"33cae56\" data-element_type=\"column\">\n\t\t\t<div class=\"elementor-widget-wrap elementor-element-populated\">\n\t\t\t\t\t\t\t\t<div class=\"elementor-element elementor-element-2505285 elementor-nav-menu--dropdown-tablet elementor-nav-menu__text-align-aside elementor-nav-menu--toggle elementor-nav-menu--burger elementor-widget elementor-widget-nav-menu\" data-id=\"2505285\" data-element_type=\"widget\" data-settings=\"{&quot;layout&quot;:&quot;vertical&quot;,&quot;submenu_icon&quot;:{&quot;value&quot;:&quot;&lt;i class=\\&quot;fas fa-caret-down\\&quot;&gt;&lt;\\\/i&gt;&quot;,&quot;library&quot;:&quot;fa-solid&quot;},&quot;toggle&quot;:&quot;burger&quot;}\" data-widget_type=\"nav-menu.default\">\n\t\t\t\t<div class=\"elementor-widget-container\">\n\t\t\t<link rel=\"stylesheet\" href=\"https:\/\/centromusicaldecascais.com\/en\/wp-content\/plugins\/elementor-pro\/assets\/css\/widget-nav-menu.min.css\">\t\t\t<nav migration_allowed=\"1\" migrated=\"0\" class=\"elementor-nav-menu--main elementor-nav-menu__container elementor-nav-menu--layout-vertical e--pointer-underline e--animation-fade\">\n\t\t\t\t<ul id=\"menu-1-2505285\" class=\"elementor-nav-menu sm-vertical\"><li class=\"menu-item menu-item-type-post_type menu-item-object-page menu-item-374\"><a href=\"https:\/\/centromusicaldecascais.com\/en\/baixo-eletrico\/\" class=\"elementor-item\">Baixo El\u00e9trico<\/a><\/li>\n<li class=\"menu-item menu-item-type-post_type menu-item-object-page menu-item-375\"><a href=\"https:\/\/centromusicaldecascais.com\/en\/bateria\/\" class=\"elementor-item\">Bateria<\/a><\/li>\n<li class=\"menu-item menu-item-type-post_type menu-item-object-page menu-item-376\"><a href=\"https:\/\/centromusicaldecascais.com\/en\/canto\/\" class=\"elementor-item\">Canto<\/a><\/li>\n<li class=\"menu-item menu-item-type-post_type menu-item-object-page menu-item-377\"><a href=\"https:\/\/centromusicaldecascais.com\/en\/combo\/\" class=\"elementor-item\">Combo<\/a><\/li>\n<li class=\"menu-item menu-item-type-post_type menu-item-object-page menu-item-378\"><a href=\"https:\/\/centromusicaldecascais.com\/en\/coro-infantil\/\" class=\"elementor-item\">C\u00f4ro Infantil<\/a><\/li>\n<li class=\"menu-item menu-item-type-post_type menu-item-object-page menu-item-379\"><a href=\"https:\/\/centromusicaldecascais.com\/en\/coro-moderno\/\" class=\"elementor-item\">C\u00f4ro Moderno<\/a><\/li>\n<li class=\"menu-item menu-item-type-post_type menu-item-object-page menu-item-380\"><a href=\"https:\/\/centromusicaldecascais.com\/en\/djembe\/\" class=\"elementor-item\">Djembe \u2013 Grupo Ritmico<\/a><\/li>\n<li class=\"menu-item menu-item-type-post_type menu-item-object-page menu-item-381\"><a href=\"https:\/\/centromusicaldecascais.com\/en\/flauta-de-bisel\/\" class=\"elementor-item\">Flauta de Bisel<\/a><\/li>\n<li class=\"menu-item menu-item-type-post_type menu-item-object-page menu-item-382\"><a href=\"https:\/\/centromusicaldecascais.com\/en\/flauta-transversal\/\" class=\"elementor-item\">Flauta Transversal<\/a><\/li>\n<li class=\"menu-item menu-item-type-post_type menu-item-object-page menu-item-383\"><a href=\"https:\/\/centromusicaldecascais.com\/en\/formacao-musical\/\" class=\"elementor-item\">Forma\u00e7\u00e3o Musical<\/a><\/li>\n<li class=\"menu-item menu-item-type-post_type menu-item-object-page menu-item-384\"><a href=\"https:\/\/centromusicaldecascais.com\/en\/guitarra\/\" class=\"elementor-item\">Guitarra Ac\u00fastica \/ Cl\u00e1ssica \/ El\u00e9ctrica<\/a><\/li>\n<li class=\"menu-item menu-item-type-post_type menu-item-object-page menu-item-385\"><a href=\"https:\/\/centromusicaldecascais.com\/en\/iniciacao-musical\/\" class=\"elementor-item\">Inicia\u00e7\u00e3o Musical<\/a><\/li>\n<li class=\"menu-item menu-item-type-post_type menu-item-object-page menu-item-386\"><a href=\"https:\/\/centromusicaldecascais.com\/en\/orgao\/\" class=\"elementor-item\">\u00d3rg\u00e3o<\/a><\/li>\n<li class=\"menu-item menu-item-type-post_type menu-item-object-page menu-item-387\"><a href=\"https:\/\/centromusicaldecascais.com\/en\/piano\/\" class=\"elementor-item\">Piano<\/a><\/li>\n<li class=\"menu-item menu-item-type-post_type menu-item-object-page menu-item-388\"><a href=\"https:\/\/centromusicaldecascais.com\/en\/saxofone\/\" class=\"elementor-item\">Saxofone<\/a><\/li>\n<li class=\"menu-item menu-item-type-post_type menu-item-object-page menu-item-389\"><a href=\"https:\/\/centromusicaldecascais.com\/en\/violino\/\" class=\"elementor-item\">Violino \/ Viola de Arco<\/a><\/li>\n<li class=\"menu-item menu-item-type-post_type menu-item-object-page menu-item-390\"><a href=\"https:\/\/centromusicaldecascais.com\/en\/violoncelo\/\" class=\"elementor-item\">Violoncelo<\/a><\/li>\n<\/ul>\t\t\t<\/nav>\n\t\t\t\t\t<div class=\"elementor-menu-toggle\" role=\"button\" tabindex=\"0\" aria-label=\"Menu Toggle\" aria-expanded=\"false\">\n\t\t\t<i aria-hidden=\"true\" role=\"presentation\" class=\"elementor-menu-toggle__icon--open eicon-menu-bar\"><\/i><i aria-hidden=\"true\" role=\"presentation\" class=\"elementor-menu-toggle__icon--close eicon-close\"><\/i>\t\t\t<span class=\"elementor-screen-only\">Menu<\/span>\n\t\t<\/div>\n\t\t\t\t\t<nav class=\"elementor-nav-menu--dropdown elementor-nav-menu__container\" aria-hidden=\"true\">\n\t\t\t\t<ul id=\"menu-2-2505285\" class=\"elementor-nav-menu sm-vertical\"><li class=\"menu-item menu-item-type-post_type menu-item-object-page menu-item-374\"><a href=\"https:\/\/centromusicaldecascais.com\/en\/baixo-eletrico\/\" class=\"elementor-item\" tabindex=\"-1\">Baixo El\u00e9trico<\/a><\/li>\n<li class=\"menu-item menu-item-type-post_type menu-item-object-page menu-item-375\"><a href=\"https:\/\/centromusicaldecascais.com\/en\/bateria\/\" class=\"elementor-item\" tabindex=\"-1\">Bateria<\/a><\/li>\n<li class=\"menu-item menu-item-type-post_type menu-item-object-page menu-item-376\"><a href=\"https:\/\/centromusicaldecascais.com\/en\/canto\/\" class=\"elementor-item\" tabindex=\"-1\">Canto<\/a><\/li>\n<li class=\"menu-item menu-item-type-post_type menu-item-object-page menu-item-377\"><a href=\"https:\/\/centromusicaldecascais.com\/en\/combo\/\" class=\"elementor-item\" tabindex=\"-1\">Combo<\/a><\/li>\n<li class=\"menu-item menu-item-type-post_type menu-item-object-page menu-item-378\"><a href=\"https:\/\/centromusicaldecascais.com\/en\/coro-infantil\/\" class=\"elementor-item\" tabindex=\"-1\">C\u00f4ro Infantil<\/a><\/li>\n<li class=\"menu-item menu-item-type-post_type menu-item-object-page menu-item-379\"><a href=\"https:\/\/centromusicaldecascais.com\/en\/coro-moderno\/\" class=\"elementor-item\" tabindex=\"-1\">C\u00f4ro Moderno<\/a><\/li>\n<li class=\"menu-item menu-item-type-post_type menu-item-object-page menu-item-380\"><a href=\"https:\/\/centromusicaldecascais.com\/en\/djembe\/\" class=\"elementor-item\" tabindex=\"-1\">Djembe \u2013 Grupo Ritmico<\/a><\/li>\n<li class=\"menu-item menu-item-type-post_type menu-item-object-page menu-item-381\"><a href=\"https:\/\/centromusicaldecascais.com\/en\/flauta-de-bisel\/\" class=\"elementor-item\" tabindex=\"-1\">Flauta de Bisel<\/a><\/li>\n<li class=\"menu-item menu-item-type-post_type menu-item-object-page menu-item-382\"><a href=\"https:\/\/centromusicaldecascais.com\/en\/flauta-transversal\/\" class=\"elementor-item\" tabindex=\"-1\">Flauta Transversal<\/a><\/li>\n<li class=\"menu-item menu-item-type-post_type menu-item-object-page menu-item-383\"><a href=\"https:\/\/centromusicaldecascais.com\/en\/formacao-musical\/\" class=\"elementor-item\" tabindex=\"-1\">Forma\u00e7\u00e3o Musical<\/a><\/li>\n<li class=\"menu-item menu-item-type-post_type menu-item-object-page menu-item-384\"><a href=\"https:\/\/centromusicaldecascais.com\/en\/guitarra\/\" class=\"elementor-item\" tabindex=\"-1\">Guitarra Ac\u00fastica \/ Cl\u00e1ssica \/ El\u00e9ctrica<\/a><\/li>\n<li class=\"menu-item menu-item-type-post_type menu-item-object-page menu-item-385\"><a href=\"https:\/\/centromusicaldecascais.com\/en\/iniciacao-musical\/\" class=\"elementor-item\" tabindex=\"-1\">Inicia\u00e7\u00e3o Musical<\/a><\/li>\n<li class=\"menu-item menu-item-type-post_type menu-item-object-page menu-item-386\"><a href=\"https:\/\/centromusicaldecascais.com\/en\/orgao\/\" class=\"elementor-item\" tabindex=\"-1\">\u00d3rg\u00e3o<\/a><\/li>\n<li class=\"menu-item menu-item-type-post_type menu-item-object-page menu-item-387\"><a href=\"https:\/\/centromusicaldecascais.com\/en\/piano\/\" class=\"elementor-item\" tabindex=\"-1\">Piano<\/a><\/li>\n<li class=\"menu-item menu-item-type-post_type menu-item-object-page menu-item-388\"><a href=\"https:\/\/centromusicaldecascais.com\/en\/saxofone\/\" class=\"elementor-item\" tabindex=\"-1\">Saxofone<\/a><\/li>\n<li class=\"menu-item menu-item-type-post_type menu-item-object-page menu-item-389\"><a href=\"https:\/\/centromusicaldecascais.com\/en\/violino\/\" class=\"elementor-item\" tabindex=\"-1\">Violino \/ Viola de Arco<\/a><\/li>\n<li class=\"menu-item menu-item-type-post_type menu-item-object-page menu-item-390\"><a href=\"https:\/\/centromusicaldecascais.com\/en\/violoncelo\/\" class=\"elementor-item\" tabindex=\"-1\">Violoncelo<\/a><\/li>\n<\/ul>\t\t\t<\/nav>\n\t\t\t\t<\/div>\n\t\t\t\t<\/div>\n\t\t\t\t\t<\/div>\n\t\t<\/div>\n\t\t\t\t<div class=\"elementor-column elementor-col-50 elementor-top-column elementor-element elementor-element-db9dd01\" data-id=\"db9dd01\" data-element_type=\"column\">\n\t\t\t<div class=\"elementor-widget-wrap elementor-element-populated\">\n\t\t\t\t\t\t\t\t<div class=\"elementor-element elementor-element-7067751 elementor-widget elementor-widget-heading\" data-id=\"7067751\" data-element_type=\"widget\" data-widget_type=\"heading.default\">\n\t\t\t\t<div class=\"elementor-widget-container\">\n\t\t\t<h2 class=\"elementor-heading-title elementor-size-default\">NICOLE EITNER<\/h2>\t\t<\/div>\n\t\t\t\t<\/div>\n\t\t\t\t<div class=\"elementor-element elementor-element-2b74ce5 elementor-position-left elementor-vertical-align-top elementor-widget elementor-widget-image-box\" data-id=\"2b74ce5\" data-element_type=\"widget\" data-widget_type=\"image-box.default\">\n\t\t\t\t<div class=\"elementor-widget-container\">\n\t\t\t<style>\/*! elementor - v3.9.2 - 21-12-2022 *\/\n.elementor-widget-image-box .elementor-image-box-content{width:100%}@media (min-width:768px){.elementor-widget-image-box.elementor-position-left .elementor-image-box-wrapper,.elementor-widget-image-box.elementor-position-right .elementor-image-box-wrapper{display:flex}.elementor-widget-image-box.elementor-position-right .elementor-image-box-wrapper{text-align:right;flex-direction:row-reverse}.elementor-widget-image-box.elementor-position-left .elementor-image-box-wrapper{text-align:left;flex-direction:row}.elementor-widget-image-box.elementor-position-top .elementor-image-box-img{margin:auto}.elementor-widget-image-box.elementor-vertical-align-top .elementor-image-box-wrapper{align-items:flex-start}.elementor-widget-image-box.elementor-vertical-align-middle .elementor-image-box-wrapper{align-items:center}.elementor-widget-image-box.elementor-vertical-align-bottom .elementor-image-box-wrapper{align-items:flex-end}}@media (max-width:767px){.elementor-widget-image-box .elementor-image-box-img{margin-left:auto!important;margin-right:auto!important;margin-bottom:15px}}.elementor-widget-image-box .elementor-image-box-img{display:inline-block}.elementor-widget-image-box .elementor-image-box-title a{color:inherit}.elementor-widget-image-box .elementor-image-box-wrapper{text-align:center}.elementor-widget-image-box .elementor-image-box-description{margin:0}<\/style><div class=\"elementor-image-box-wrapper\"><figure class=\"elementor-image-box-img\"><img loading=\"lazy\" decoding=\"async\" width=\"200\" height=\"281\" src=\"https:\/\/centromusicaldecascais.com\/en\/wp-content\/uploads\/2022\/11\/csm_Nic_cac8c67860.jpg\" class=\"attachment-full size-full wp-image-402\" alt=\"\" \/><\/figure><div class=\"elementor-image-box-content\"><p class=\"elementor-image-box-description\">Nicole Eitner \u00e9 professora de voz especializada nas t\u00e9cnicas de Estill Voice Teaching International, curso tirado em Berlim, Munique e Ghent (B\u00e9lgica), t\u00e9cnicas estas usadas por exemplo pelos especialistas por detr\u00e1s do UK X factor, Royal Opera of London, Bayerische Staatsoper em Munique -  e assim pelo mundo fora. \n<br><br>\nO m\u00e9todo inovador de Estill faz com que o cantor consiga rapidamente aperfei\u00e7oar o uso da sua voz no seu estilo musical para obter a sua m\u00e1xima efic\u00e1cia com o m\u00ednimo de esfor\u00e7o vocal, corrigindo erros de postura e\/ou compreens\u00e3o anat\u00f3mica, atingindo e mantendo a genuinidade vocal profissional. \n<br><br>\nTrabalhou com Buraka Som Sistema, Madredeus, Caroline Dawson (singer-songwriter norueguesa), Moki Tsch\u00f6pe (\u00cddolos), Fernando Cunha (Resist\u00eancia), Jo\u00e3o Campos (Gula), rapper Diaphra Biru Lex, e muitos mais e \u00e9 actual professora de t\u00e9cnicas e estilos de voz no curso HND da ETIC. \n<br><br>\nNicole Eitner \u00e9 cantora, compositora, pianista com um projecto de originais \"Nicole Eitner and The Citizens\". <\/p><\/div><\/div>\t\t<\/div>\n\t\t\t\t<\/div>\n\t\t\t\t\t<\/div>\n\t\t<\/div>\n\t\t\t\t\t\t\t<\/div>\n\t\t<\/section>\n\t\t\t\t\t\t\t<\/div>\n\t\t","protected":false},"excerpt":{"rendered":"<p>COR\u00d4 INFANTIL NICOLE EITNER Nicole Eitner \u00e9 professora de voz especializada nas t\u00e9cnicas de Estill Voice Teaching International, curso tirado em Berlim, Munique e Ghent (B\u00e9lgica), t\u00e9cnicas estas usadas por exemplo pelos especialistas por detr\u00e1s do UK X factor, Royal Opera of London, Bayerische Staatsoper em Munique &#8211; e assim pelo mundo fora. O m\u00e9todo [&hellip;]<\/p>\n","protected":false},"author":1,"featured_media":0,"parent":0,"menu_order":0,"comment_status":"closed","ping_status":"open","template":"","meta":{"footnotes":""},"class_list":["post-350","page","type-page","status-publish","hentry"],"_links":{"self":[{"href":"https:\/\/centromusicaldecascais.com\/en\/wp-json\/wp\/v2\/pages\/350","targetHints":{"allow":["GET"]}}],"collection":[{"href":"https:\/\/centromusicaldecascais.com\/en\/wp-json\/wp\/v2\/pages"}],"about":[{"href":"https:\/\/centromusicaldecascais.com\/en\/wp-json\/wp\/v2\/types\/page"}],"author":[{"embeddable":true,"href":"https:\/\/centromusicaldecascais.com\/en\/wp-json\/wp\/v2\/users\/1"}],"replies":[{"embeddable":true,"href":"https:\/\/centromusicaldecascais.com\/en\/wp-json\/wp\/v2\/comments?post=350"}],"version-history":[{"count":10,"href":"https:\/\/centromusicaldecascais.com\/en\/wp-json\/wp\/v2\/pages\/350\/revisions"}],"predecessor-version":[{"id":527,"href":"https:\/\/centromusicaldecascais.com\/en\/wp-json\/wp\/v2\/pages\/350\/revisions\/527"}],"wp:attachment":[{"href":"https:\/\/centromusicaldecascais.com\/en\/wp-json\/wp\/v2\/media?parent=350"}],"curies":[{"name":"wp","href":"https:\/\/api.w.org\/{rel}","templated":true}]}}