{"id":344,"date":"2022-11-28T21:39:44","date_gmt":"2022-11-28T21:39:44","guid":{"rendered":"http:\/\/centromusicaldecascais.com\/en\/?page_id=344"},"modified":"2022-11-30T11:25:06","modified_gmt":"2022-11-30T11:25:06","slug":"canto","status":"publish","type":"page","link":"https:\/\/centromusicaldecascais.com\/en\/canto\/","title":{"rendered":"Canto"},"content":{"rendered":"\t\t<div data-elementor-type=\"wp-page\" data-elementor-id=\"344\" class=\"elementor elementor-344\">\n\t\t\t\t\t\t\t\t\t<section class=\"elementor-section elementor-top-section elementor-element elementor-element-a8460c8 elementor-section-boxed elementor-section-height-default elementor-section-height-default\" data-id=\"a8460c8\" data-element_type=\"section\">\n\t\t\t\t\t\t<div class=\"elementor-container elementor-column-gap-default\">\n\t\t\t\t\t<div class=\"elementor-column elementor-col-100 elementor-top-column elementor-element elementor-element-44dec6c\" data-id=\"44dec6c\" data-element_type=\"column\">\n\t\t\t<div class=\"elementor-widget-wrap elementor-element-populated\">\n\t\t\t\t\t\t\t\t<div class=\"elementor-element elementor-element-98944b6 elementor-widget elementor-widget-heading\" data-id=\"98944b6\" data-element_type=\"widget\" data-widget_type=\"heading.default\">\n\t\t\t\t<div class=\"elementor-widget-container\">\n\t\t\t<style>\/*! elementor - v3.9.2 - 21-12-2022 *\/\n.elementor-heading-title{padding:0;margin:0;line-height:1}.elementor-widget-heading .elementor-heading-title[class*=elementor-size-]>a{color:inherit;font-size:inherit;line-height:inherit}.elementor-widget-heading .elementor-heading-title.elementor-size-small{font-size:15px}.elementor-widget-heading .elementor-heading-title.elementor-size-medium{font-size:19px}.elementor-widget-heading .elementor-heading-title.elementor-size-large{font-size:29px}.elementor-widget-heading .elementor-heading-title.elementor-size-xl{font-size:39px}.elementor-widget-heading .elementor-heading-title.elementor-size-xxl{font-size:59px}<\/style><h2 class=\"elementor-heading-title elementor-size-default\">CANTO<\/h2>\t\t<\/div>\n\t\t\t\t<\/div>\n\t\t\t\t\t<\/div>\n\t\t<\/div>\n\t\t\t\t\t\t\t<\/div>\n\t\t<\/section>\n\t\t\t\t<section class=\"elementor-section elementor-top-section elementor-element elementor-element-8bb8fd2 elementor-section-boxed elementor-section-height-default elementor-section-height-default\" data-id=\"8bb8fd2\" data-element_type=\"section\">\n\t\t\t\t\t\t<div class=\"elementor-container elementor-column-gap-default\">\n\t\t\t\t\t<div class=\"elementor-column elementor-col-50 elementor-top-column elementor-element elementor-element-33cae56 elementor-hidden-mobile\" data-id=\"33cae56\" data-element_type=\"column\">\n\t\t\t<div class=\"elementor-widget-wrap elementor-element-populated\">\n\t\t\t\t\t\t\t\t<div class=\"elementor-element elementor-element-2505285 elementor-nav-menu--dropdown-tablet elementor-nav-menu__text-align-aside elementor-nav-menu--toggle elementor-nav-menu--burger elementor-widget elementor-widget-nav-menu\" data-id=\"2505285\" data-element_type=\"widget\" data-settings=\"{&quot;layout&quot;:&quot;vertical&quot;,&quot;submenu_icon&quot;:{&quot;value&quot;:&quot;&lt;i class=\\&quot;fas fa-caret-down\\&quot;&gt;&lt;\\\/i&gt;&quot;,&quot;library&quot;:&quot;fa-solid&quot;},&quot;toggle&quot;:&quot;burger&quot;}\" data-widget_type=\"nav-menu.default\">\n\t\t\t\t<div class=\"elementor-widget-container\">\n\t\t\t<link rel=\"stylesheet\" href=\"https:\/\/centromusicaldecascais.com\/en\/wp-content\/plugins\/elementor-pro\/assets\/css\/widget-nav-menu.min.css\">\t\t\t<nav migration_allowed=\"1\" migrated=\"0\" class=\"elementor-nav-menu--main elementor-nav-menu__container elementor-nav-menu--layout-vertical e--pointer-underline e--animation-fade\">\n\t\t\t\t<ul id=\"menu-1-2505285\" class=\"elementor-nav-menu sm-vertical\"><li class=\"menu-item menu-item-type-post_type menu-item-object-page menu-item-374\"><a href=\"https:\/\/centromusicaldecascais.com\/en\/baixo-eletrico\/\" class=\"elementor-item\">Baixo El\u00e9trico<\/a><\/li>\n<li class=\"menu-item menu-item-type-post_type menu-item-object-page menu-item-375\"><a href=\"https:\/\/centromusicaldecascais.com\/en\/bateria\/\" class=\"elementor-item\">Bateria<\/a><\/li>\n<li class=\"menu-item menu-item-type-post_type menu-item-object-page menu-item-376\"><a href=\"https:\/\/centromusicaldecascais.com\/en\/canto\/\" class=\"elementor-item\">Canto<\/a><\/li>\n<li class=\"menu-item menu-item-type-post_type menu-item-object-page menu-item-377\"><a href=\"https:\/\/centromusicaldecascais.com\/en\/combo\/\" class=\"elementor-item\">Combo<\/a><\/li>\n<li class=\"menu-item menu-item-type-post_type menu-item-object-page menu-item-378\"><a href=\"https:\/\/centromusicaldecascais.com\/en\/coro-infantil\/\" class=\"elementor-item\">C\u00f4ro Infantil<\/a><\/li>\n<li class=\"menu-item menu-item-type-post_type menu-item-object-page menu-item-379\"><a href=\"https:\/\/centromusicaldecascais.com\/en\/coro-moderno\/\" class=\"elementor-item\">C\u00f4ro Moderno<\/a><\/li>\n<li class=\"menu-item menu-item-type-post_type menu-item-object-page menu-item-380\"><a href=\"https:\/\/centromusicaldecascais.com\/en\/djembe\/\" class=\"elementor-item\">Djembe \u2013 Grupo Ritmico<\/a><\/li>\n<li class=\"menu-item menu-item-type-post_type menu-item-object-page menu-item-381\"><a href=\"https:\/\/centromusicaldecascais.com\/en\/flauta-de-bisel\/\" class=\"elementor-item\">Flauta de Bisel<\/a><\/li>\n<li class=\"menu-item menu-item-type-post_type menu-item-object-page menu-item-382\"><a href=\"https:\/\/centromusicaldecascais.com\/en\/flauta-transversal\/\" class=\"elementor-item\">Flauta Transversal<\/a><\/li>\n<li class=\"menu-item menu-item-type-post_type menu-item-object-page menu-item-383\"><a href=\"https:\/\/centromusicaldecascais.com\/en\/formacao-musical\/\" class=\"elementor-item\">Forma\u00e7\u00e3o Musical<\/a><\/li>\n<li class=\"menu-item menu-item-type-post_type menu-item-object-page menu-item-384\"><a href=\"https:\/\/centromusicaldecascais.com\/en\/guitarra\/\" class=\"elementor-item\">Guitarra Ac\u00fastica \/ Cl\u00e1ssica \/ El\u00e9ctrica<\/a><\/li>\n<li class=\"menu-item menu-item-type-post_type menu-item-object-page menu-item-385\"><a href=\"https:\/\/centromusicaldecascais.com\/en\/iniciacao-musical\/\" class=\"elementor-item\">Inicia\u00e7\u00e3o Musical<\/a><\/li>\n<li class=\"menu-item menu-item-type-post_type menu-item-object-page menu-item-386\"><a href=\"https:\/\/centromusicaldecascais.com\/en\/orgao\/\" class=\"elementor-item\">\u00d3rg\u00e3o<\/a><\/li>\n<li class=\"menu-item menu-item-type-post_type menu-item-object-page menu-item-387\"><a href=\"https:\/\/centromusicaldecascais.com\/en\/piano\/\" class=\"elementor-item\">Piano<\/a><\/li>\n<li class=\"menu-item menu-item-type-post_type menu-item-object-page menu-item-388\"><a href=\"https:\/\/centromusicaldecascais.com\/en\/saxofone\/\" class=\"elementor-item\">Saxofone<\/a><\/li>\n<li class=\"menu-item menu-item-type-post_type menu-item-object-page menu-item-389\"><a href=\"https:\/\/centromusicaldecascais.com\/en\/violino\/\" class=\"elementor-item\">Violino \/ Viola de Arco<\/a><\/li>\n<li class=\"menu-item menu-item-type-post_type menu-item-object-page menu-item-390\"><a href=\"https:\/\/centromusicaldecascais.com\/en\/violoncelo\/\" class=\"elementor-item\">Violoncelo<\/a><\/li>\n<\/ul>\t\t\t<\/nav>\n\t\t\t\t\t<div class=\"elementor-menu-toggle\" role=\"button\" tabindex=\"0\" aria-label=\"Menu Toggle\" aria-expanded=\"false\">\n\t\t\t<i aria-hidden=\"true\" role=\"presentation\" class=\"elementor-menu-toggle__icon--open eicon-menu-bar\"><\/i><i aria-hidden=\"true\" role=\"presentation\" class=\"elementor-menu-toggle__icon--close eicon-close\"><\/i>\t\t\t<span class=\"elementor-screen-only\">Menu<\/span>\n\t\t<\/div>\n\t\t\t\t\t<nav class=\"elementor-nav-menu--dropdown elementor-nav-menu__container\" aria-hidden=\"true\">\n\t\t\t\t<ul id=\"menu-2-2505285\" class=\"elementor-nav-menu sm-vertical\"><li class=\"menu-item menu-item-type-post_type menu-item-object-page menu-item-374\"><a href=\"https:\/\/centromusicaldecascais.com\/en\/baixo-eletrico\/\" class=\"elementor-item\" tabindex=\"-1\">Baixo El\u00e9trico<\/a><\/li>\n<li class=\"menu-item menu-item-type-post_type menu-item-object-page menu-item-375\"><a href=\"https:\/\/centromusicaldecascais.com\/en\/bateria\/\" class=\"elementor-item\" tabindex=\"-1\">Bateria<\/a><\/li>\n<li class=\"menu-item menu-item-type-post_type menu-item-object-page menu-item-376\"><a href=\"https:\/\/centromusicaldecascais.com\/en\/canto\/\" class=\"elementor-item\" tabindex=\"-1\">Canto<\/a><\/li>\n<li class=\"menu-item menu-item-type-post_type menu-item-object-page menu-item-377\"><a href=\"https:\/\/centromusicaldecascais.com\/en\/combo\/\" class=\"elementor-item\" tabindex=\"-1\">Combo<\/a><\/li>\n<li class=\"menu-item menu-item-type-post_type menu-item-object-page menu-item-378\"><a href=\"https:\/\/centromusicaldecascais.com\/en\/coro-infantil\/\" class=\"elementor-item\" tabindex=\"-1\">C\u00f4ro Infantil<\/a><\/li>\n<li class=\"menu-item menu-item-type-post_type menu-item-object-page menu-item-379\"><a href=\"https:\/\/centromusicaldecascais.com\/en\/coro-moderno\/\" class=\"elementor-item\" tabindex=\"-1\">C\u00f4ro Moderno<\/a><\/li>\n<li class=\"menu-item menu-item-type-post_type menu-item-object-page menu-item-380\"><a href=\"https:\/\/centromusicaldecascais.com\/en\/djembe\/\" class=\"elementor-item\" tabindex=\"-1\">Djembe \u2013 Grupo Ritmico<\/a><\/li>\n<li class=\"menu-item menu-item-type-post_type menu-item-object-page menu-item-381\"><a href=\"https:\/\/centromusicaldecascais.com\/en\/flauta-de-bisel\/\" class=\"elementor-item\" tabindex=\"-1\">Flauta de Bisel<\/a><\/li>\n<li class=\"menu-item menu-item-type-post_type menu-item-object-page menu-item-382\"><a href=\"https:\/\/centromusicaldecascais.com\/en\/flauta-transversal\/\" class=\"elementor-item\" tabindex=\"-1\">Flauta Transversal<\/a><\/li>\n<li class=\"menu-item menu-item-type-post_type menu-item-object-page menu-item-383\"><a href=\"https:\/\/centromusicaldecascais.com\/en\/formacao-musical\/\" class=\"elementor-item\" tabindex=\"-1\">Forma\u00e7\u00e3o Musical<\/a><\/li>\n<li class=\"menu-item menu-item-type-post_type menu-item-object-page menu-item-384\"><a href=\"https:\/\/centromusicaldecascais.com\/en\/guitarra\/\" class=\"elementor-item\" tabindex=\"-1\">Guitarra Ac\u00fastica \/ Cl\u00e1ssica \/ El\u00e9ctrica<\/a><\/li>\n<li class=\"menu-item menu-item-type-post_type menu-item-object-page menu-item-385\"><a href=\"https:\/\/centromusicaldecascais.com\/en\/iniciacao-musical\/\" class=\"elementor-item\" tabindex=\"-1\">Inicia\u00e7\u00e3o Musical<\/a><\/li>\n<li class=\"menu-item menu-item-type-post_type menu-item-object-page menu-item-386\"><a href=\"https:\/\/centromusicaldecascais.com\/en\/orgao\/\" class=\"elementor-item\" tabindex=\"-1\">\u00d3rg\u00e3o<\/a><\/li>\n<li class=\"menu-item menu-item-type-post_type menu-item-object-page menu-item-387\"><a href=\"https:\/\/centromusicaldecascais.com\/en\/piano\/\" class=\"elementor-item\" tabindex=\"-1\">Piano<\/a><\/li>\n<li class=\"menu-item menu-item-type-post_type menu-item-object-page menu-item-388\"><a href=\"https:\/\/centromusicaldecascais.com\/en\/saxofone\/\" class=\"elementor-item\" tabindex=\"-1\">Saxofone<\/a><\/li>\n<li class=\"menu-item menu-item-type-post_type menu-item-object-page menu-item-389\"><a href=\"https:\/\/centromusicaldecascais.com\/en\/violino\/\" class=\"elementor-item\" tabindex=\"-1\">Violino \/ Viola de Arco<\/a><\/li>\n<li class=\"menu-item menu-item-type-post_type menu-item-object-page menu-item-390\"><a href=\"https:\/\/centromusicaldecascais.com\/en\/violoncelo\/\" class=\"elementor-item\" tabindex=\"-1\">Violoncelo<\/a><\/li>\n<\/ul>\t\t\t<\/nav>\n\t\t\t\t<\/div>\n\t\t\t\t<\/div>\n\t\t\t\t\t<\/div>\n\t\t<\/div>\n\t\t\t\t<div class=\"elementor-column elementor-col-50 elementor-top-column elementor-element elementor-element-db9dd01\" data-id=\"db9dd01\" data-element_type=\"column\">\n\t\t\t<div class=\"elementor-widget-wrap elementor-element-populated\">\n\t\t\t\t\t\t\t\t<div class=\"elementor-element elementor-element-7067751 elementor-widget elementor-widget-heading\" data-id=\"7067751\" data-element_type=\"widget\" data-widget_type=\"heading.default\">\n\t\t\t\t<div class=\"elementor-widget-container\">\n\t\t\t<h2 class=\"elementor-heading-title elementor-size-default\">MARGARIDA PINTO<\/h2>\t\t<\/div>\n\t\t\t\t<\/div>\n\t\t\t\t<div class=\"elementor-element elementor-element-2b74ce5 elementor-position-left elementor-vertical-align-top elementor-widget elementor-widget-image-box\" data-id=\"2b74ce5\" data-element_type=\"widget\" data-widget_type=\"image-box.default\">\n\t\t\t\t<div class=\"elementor-widget-container\">\n\t\t\t<style>\/*! elementor - v3.9.2 - 21-12-2022 *\/\n.elementor-widget-image-box .elementor-image-box-content{width:100%}@media (min-width:768px){.elementor-widget-image-box.elementor-position-left .elementor-image-box-wrapper,.elementor-widget-image-box.elementor-position-right .elementor-image-box-wrapper{display:flex}.elementor-widget-image-box.elementor-position-right .elementor-image-box-wrapper{text-align:right;flex-direction:row-reverse}.elementor-widget-image-box.elementor-position-left .elementor-image-box-wrapper{text-align:left;flex-direction:row}.elementor-widget-image-box.elementor-position-top .elementor-image-box-img{margin:auto}.elementor-widget-image-box.elementor-vertical-align-top .elementor-image-box-wrapper{align-items:flex-start}.elementor-widget-image-box.elementor-vertical-align-middle .elementor-image-box-wrapper{align-items:center}.elementor-widget-image-box.elementor-vertical-align-bottom .elementor-image-box-wrapper{align-items:flex-end}}@media (max-width:767px){.elementor-widget-image-box .elementor-image-box-img{margin-left:auto!important;margin-right:auto!important;margin-bottom:15px}}.elementor-widget-image-box .elementor-image-box-img{display:inline-block}.elementor-widget-image-box .elementor-image-box-title a{color:inherit}.elementor-widget-image-box .elementor-image-box-wrapper{text-align:center}.elementor-widget-image-box .elementor-image-box-description{margin:0}<\/style><div class=\"elementor-image-box-wrapper\"><figure class=\"elementor-image-box-img\"><img loading=\"lazy\" decoding=\"async\" width=\"200\" height=\"267\" src=\"https:\/\/centromusicaldecascais.com\/en\/wp-content\/uploads\/2022\/11\/csm_JPEG_image-C0C54DDE9127-1_7b9039f8e9.jpg\" class=\"attachment-full size-full wp-image-398\" alt=\"\" \/><\/figure><div class=\"elementor-image-box-content\"><p class=\"elementor-image-box-description\">Margarida Pinto come\u00e7ou a sua carreira como cantora profissional em 1999, ano em que editou o primeiro trabalho discogr\u00e1fico com os Coldfinger. Em 2005 estreou-se nos discos como artista a solo com o seu \u00e1lbum \u201cApontamento\u201d, onde se afirmou como uma das int\u00e9rpretes, autoras e compositoras mais relevantes do nosso panorama , sempre com uma forte presen\u00e7a nos palcos nacionais.\n<br>\n<br>\nAo longo dos anos colaborou com v\u00e1rios artistas, como Carl\u00e3o, Rui Reininho, Dj Ride,T\u00f3 Trips ou Cl\u00e3.  Muitas das suas m\u00fasicas figuram em bandas sonoras da fic\u00e7\u00e3o nacional, tais como as produ\u00e7\u00f5es \u201cFeiti\u00e7o de Amor\u201d, Rem\u00e9dio Santo\u201d, \u201cVoo Directo\u201d, \u201cMorangos com A\u00e7ucar\u201d ou \u201cBelmonte\u201d.\u00a0\n<br><br>\n\n\u00c0 sua carreira discogr\u00e1fica, pode somar-se o percurso na m\u00fasica para publicidade, tendo emprestado a sua voz a marcas como Azeite Gallo, Matinal, Super Bock, Optimus, TMN, Danone, Ol\u00e1 ou Santa Casa da Miseric\u00f3rdia, entre outras.<\/p><\/div><\/div>\t\t<\/div>\n\t\t\t\t<\/div>\n\t\t\t\t\t<\/div>\n\t\t<\/div>\n\t\t\t\t\t\t\t<\/div>\n\t\t<\/section>\n\t\t\t\t\t\t\t<\/div>\n\t\t","protected":false},"excerpt":{"rendered":"<p>CANTO MARGARIDA PINTO Margarida Pinto come\u00e7ou a sua carreira como cantora profissional em 1999, ano em que editou o primeiro trabalho discogr\u00e1fico com os Coldfinger. Em 2005 estreou-se nos discos como artista a solo com o seu \u00e1lbum \u201cApontamento\u201d, onde se afirmou como uma das int\u00e9rpretes, autoras e compositoras mais relevantes do nosso panorama , [&hellip;]<\/p>\n","protected":false},"author":1,"featured_media":0,"parent":0,"menu_order":0,"comment_status":"closed","ping_status":"open","template":"","meta":{"footnotes":""},"class_list":["post-344","page","type-page","status-publish","hentry"],"_links":{"self":[{"href":"https:\/\/centromusicaldecascais.com\/en\/wp-json\/wp\/v2\/pages\/344","targetHints":{"allow":["GET"]}}],"collection":[{"href":"https:\/\/centromusicaldecascais.com\/en\/wp-json\/wp\/v2\/pages"}],"about":[{"href":"https:\/\/centromusicaldecascais.com\/en\/wp-json\/wp\/v2\/types\/page"}],"author":[{"embeddable":true,"href":"https:\/\/centromusicaldecascais.com\/en\/wp-json\/wp\/v2\/users\/1"}],"replies":[{"embeddable":true,"href":"https:\/\/centromusicaldecascais.com\/en\/wp-json\/wp\/v2\/comments?post=344"}],"version-history":[{"count":10,"href":"https:\/\/centromusicaldecascais.com\/en\/wp-json\/wp\/v2\/pages\/344\/revisions"}],"predecessor-version":[{"id":518,"href":"https:\/\/centromusicaldecascais.com\/en\/wp-json\/wp\/v2\/pages\/344\/revisions\/518"}],"wp:attachment":[{"href":"https:\/\/centromusicaldecascais.com\/en\/wp-json\/wp\/v2\/media?parent=344"}],"curies":[{"name":"wp","href":"https:\/\/api.w.org\/{rel}","templated":true}]}}